{"id":28,"date":"2023-09-29T13:50:35","date_gmt":"2023-09-29T13:50:35","guid":{"rendered":"https:\/\/konstabler-frauenfeld.ch\/?page_id=28"},"modified":"2024-03-13T19:50:50","modified_gmt":"2024-03-13T19:50:50","slug":"der-konstabler-im-kurzdorf","status":"publish","type":"page","link":"https:\/\/konstabler-frauenfeld.ch\/index.php\/der-konstabler-im-kurzdorf\/","title":{"rendered":"Der Konstabler im Kurzdorf"},"content":{"rendered":"\n<p class=\"has-cyan-bluish-gray-color has-black-background-color has-text-color has-background has-link-color has-medium-font-size wp-elements-e649186c11a6ae97f64c9a92a8c24808\"><strong>Die Generalversammlung:<\/strong> Immer am Sonntag vor dem Bechtelistag versammeln wir uns um 11:00 oder im Wahljahr um 10:30 im <a href=\"https:\/\/www.frohsinnfrauenfeld.ch\/\" target=\"_blank\" rel=\"noreferrer noopener\">Restaurant Frohsinn<\/a> in unserem sch\u00f6nen Kurzdorf. Nach getaner Arbeit bleibt man oft noch sitzen oder geht noch ein Haus weiter.<\/p>\n\n\n\n<p class=\"has-cyan-bluish-gray-color has-black-background-color has-text-color has-background has-link-color has-medium-font-size wp-elements-dd84d1ff4f3d659b544c9fbf12e60f76\"><strong>Der Bechtelisabend<\/strong>: Wir treffen und zu einem geselligen Abend bei Speis und Trank. Aufgelockert wird der Abend durch Darbietung externer, kurzweiliger Reden von Ehreng\u00e4sten (keine Angst, bei uns heisst kurz auch kurz) und Besuchen von andern Gesellschaften. Unser Mahl besteht aus einer Salzis, Kartoffelsalat und Brot. Dazu gibt es noch zwei Halbliterflaschen unseres B\u00fcrgerweins.<\/p>\n\n\n\n<p class=\"has-cyan-bluish-gray-color has-black-background-color has-text-color has-background has-link-color has-medium-font-size wp-elements-0b3db0081280053e9930e3ac11b09c08\"><strong>Unser Wein<\/strong>: Zu Beginn dieser Tradition steuerten noch B\u00fcrger jeweils einen oder zwei Eimer recht guten Wein bei. Sp\u00e4ter kam dann der B\u00fcrgerwein vom Holderberg dazu. 2023, nach \u00fcber 40 Jahren, durften wir den letzten Tropfen unseres B\u00fcrgerweins verkosten. 2022 wurden die alten M\u00fcller-Thurgau und Pinot Noir St\u00f6cke durch Sauvignac und Prior ersetzt. <\/p>\n\n\n\n<figure class=\"wp-block-gallery has-nested-images columns-default is-cropped wp-block-gallery-1 is-layout-flex wp-block-gallery-is-layout-flex\">\n<figure class=\"wp-block-image size-full\"><img loading=\"lazy\" decoding=\"async\" width=\"1928\" height=\"2560\" data-id=\"219\" src=\"https:\/\/konstabler-frauenfeld.ch\/wp-content\/uploads\/2024\/03\/PXL_20240313_175358771-scaled.jpg\" alt=\"\" class=\"wp-image-219\" srcset=\"https:\/\/konstabler-frauenfeld.ch\/wp-content\/uploads\/2024\/03\/PXL_20240313_175358771-scaled.jpg 1928w, https:\/\/konstabler-frauenfeld.ch\/wp-content\/uploads\/2024\/03\/PXL_20240313_175358771-226x300.jpg 226w, https:\/\/konstabler-frauenfeld.ch\/wp-content\/uploads\/2024\/03\/PXL_20240313_175358771-771x1024.jpg 771w, https:\/\/konstabler-frauenfeld.ch\/wp-content\/uploads\/2024\/03\/PXL_20240313_175358771-768x1020.jpg 768w, https:\/\/konstabler-frauenfeld.ch\/wp-content\/uploads\/2024\/03\/PXL_20240313_175358771-1157x1536.jpg 1157w, https:\/\/konstabler-frauenfeld.ch\/wp-content\/uploads\/2024\/03\/PXL_20240313_175358771-1542x2048.jpg 1542w\" sizes=\"auto, (max-width: 1928px) 100vw, 1928px\" \/><\/figure>\n\n\n\n<figure class=\"wp-block-image size-full\"><img loading=\"lazy\" decoding=\"async\" width=\"1928\" height=\"2560\" data-id=\"218\" src=\"https:\/\/konstabler-frauenfeld.ch\/wp-content\/uploads\/2024\/03\/PXL_20240313_175420377-1-scaled.jpg\" alt=\"\" class=\"wp-image-218\" srcset=\"https:\/\/konstabler-frauenfeld.ch\/wp-content\/uploads\/2024\/03\/PXL_20240313_175420377-1-scaled.jpg 1928w, https:\/\/konstabler-frauenfeld.ch\/wp-content\/uploads\/2024\/03\/PXL_20240313_175420377-1-226x300.jpg 226w, https:\/\/konstabler-frauenfeld.ch\/wp-content\/uploads\/2024\/03\/PXL_20240313_175420377-1-771x1024.jpg 771w, https:\/\/konstabler-frauenfeld.ch\/wp-content\/uploads\/2024\/03\/PXL_20240313_175420377-1-768x1020.jpg 768w, https:\/\/konstabler-frauenfeld.ch\/wp-content\/uploads\/2024\/03\/PXL_20240313_175420377-1-1157x1536.jpg 1157w, https:\/\/konstabler-frauenfeld.ch\/wp-content\/uploads\/2024\/03\/PXL_20240313_175420377-1-1542x2048.jpg 1542w\" sizes=\"auto, (max-width: 1928px) 100vw, 1928px\" \/><\/figure>\n<\/figure>\n\n\n\n<p class=\"has-cyan-bluish-gray-color has-black-background-color has-text-color has-background has-link-color has-medium-font-size wp-elements-cfd31c60ed39a688af3e94a516ab06d8\">Bis zum ersten Bechtelistag mit der neuen Traubensorte trinken wir einen Engelwy &#8211; Pinot Noir. Die Vorfreude, bis uns die <a href=\"http:\/\/engelwy.ch\" target=\"_blank\" rel=\"noreferrer noopener\">Gutsbetrieb Engel AG<\/a> unseren neuen B\u00fcrgerwein liefert, ist gross.<\/p>\n\n\n\n<div class=\"wp-block-columns is-layout-flex wp-container-core-columns-is-layout-9d6595d7 wp-block-columns-is-layout-flex\">\n<div class=\"wp-block-column is-layout-flow wp-block-column-is-layout-flow\" style=\"flex-basis:100%\"><\/div>\n<\/div>\n\n\n\n<p class=\"has-black-color has-text-color has-link-color has-medium-font-size wp-elements-a61c652a9e891cfe5f7cf8b2d40c84a3\">Weitere Infos folgen&#8230;.<\/p>\n\n\n\n<p><\/p>\n","protected":false},"excerpt":{"rendered":"<p>Die Generalversammlung: Immer am Sonntag vor dem Bechtelistag versammeln wir uns um 11:00 oder im Wahljahr um 10:30 im Restaurant Frohsinn in unserem sch\u00f6nen Kurzdorf. Nach getaner Arbeit bleibt man oft noch sitzen oder geht noch ein Haus weiter. Der Bechtelisabend: Wir treffen und zu einem geselligen Abend bei Speis und Trank. Aufgelockert wird der &hellip; <a href=\"https:\/\/konstabler-frauenfeld.ch\/index.php\/der-konstabler-im-kurzdorf\/\" class=\"more-link\">Continue reading <span class=\"screen-reader-text\">Der Konstabler im Kurzdorf<\/span><\/a><\/p>\n","protected":false},"author":3,"featured_media":0,"parent":0,"menu_order":0,"comment_status":"closed","ping_status":"closed","template":"","meta":{"footnotes":""},"class_list":["post-28","page","type-page","status-publish","hentry"],"_links":{"self":[{"href":"https:\/\/konstabler-frauenfeld.ch\/index.php\/wp-json\/wp\/v2\/pages\/28","targetHints":{"allow":["GET"]}}],"collection":[{"href":"https:\/\/konstabler-frauenfeld.ch\/index.php\/wp-json\/wp\/v2\/pages"}],"about":[{"href":"https:\/\/konstabler-frauenfeld.ch\/index.php\/wp-json\/wp\/v2\/types\/page"}],"author":[{"embeddable":true,"href":"https:\/\/konstabler-frauenfeld.ch\/index.php\/wp-json\/wp\/v2\/users\/3"}],"replies":[{"embeddable":true,"href":"https:\/\/konstabler-frauenfeld.ch\/index.php\/wp-json\/wp\/v2\/comments?post=28"}],"version-history":[{"count":16,"href":"https:\/\/konstabler-frauenfeld.ch\/index.php\/wp-json\/wp\/v2\/pages\/28\/revisions"}],"predecessor-version":[{"id":241,"href":"https:\/\/konstabler-frauenfeld.ch\/index.php\/wp-json\/wp\/v2\/pages\/28\/revisions\/241"}],"wp:attachment":[{"href":"https:\/\/konstabler-frauenfeld.ch\/index.php\/wp-json\/wp\/v2\/media?parent=28"}],"curies":[{"name":"wp","href":"https:\/\/api.w.org\/{rel}","templated":true}]}}