{"id":12,"date":"2023-09-29T13:09:32","date_gmt":"2023-09-29T13:09:32","guid":{"rendered":"https:\/\/konstabler-frauenfeld.ch\/?page_id=12"},"modified":"2024-03-13T16:34:12","modified_gmt":"2024-03-13T16:34:12","slug":"startseite","status":"publish","type":"page","link":"https:\/\/konstabler-frauenfeld.ch\/","title":{"rendered":"Konstabler-Gesellschaft &#8211; Kurzdorf"},"content":{"rendered":"\n<h2 class=\"wp-block-heading has-white-color has-text-color has-link-color wp-elements-6e92544325b2b2874f5c374a20be2e61\">DER B\u00c4CHTELISABEND<\/h2>\n\n\n\n<p><\/p>\n\n\n\n<p><\/p>\n\n\n\n<p class=\"has-medium-font-size\"><\/p>\n\n\n\n<p class=\"has-cyan-bluish-gray-color has-text-color has-medium-font-size\">Seit 1895 treffen wir uns jedes Jahr einmal, n\u00e4mlich am Bechtelistag, dem 3. Montag im Januar, zum gemeinsamen Speis und Trank. <\/p>\n\n\n\n<p class=\"has-cyan-bluish-gray-color has-text-color has-medium-font-size\">Nicht nur der Abend geh\u00f6rt zu unserer Tradition, sondern auch die Gesch\u00e4fte der B\u00fcrgergemeinde Frauenfeld, bei welcher wir uns am Morgen vor dem Mahl \u00fcber die Aktualit\u00e4ten informieren lassen, wie auch intervenieren, wenn es f\u00fcr einen Kurzdorfer n\u00f6tig erscheint.<\/p>\n\n\n\n<p class=\"has-cyan-bluish-gray-color has-text-color has-medium-font-size\">F\u00fcr weitere Infos oder eine Einladung zum Bechtelismahl freuen wir uns \u00fcber deine Kontaktaufnahme.<\/p>\n\n\n\n<p class=\"has-black-color has-text-color has-medium-font-size\"><\/p>\n","protected":false},"excerpt":{"rendered":"<p>DER B\u00c4CHTELISABEND Seit 1895 treffen wir uns jedes Jahr einmal, n\u00e4mlich am Bechtelistag, dem 3. Montag im Januar, zum gemeinsamen Speis und Trank. Nicht nur der Abend geh\u00f6rt zu unserer Tradition, sondern auch die Gesch\u00e4fte der B\u00fcrgergemeinde Frauenfeld, bei welcher wir uns am Morgen vor dem Mahl \u00fcber die Aktualit\u00e4ten informieren lassen, wie auch intervenieren, &hellip; <a href=\"https:\/\/konstabler-frauenfeld.ch\/\" class=\"more-link\">Continue reading <span class=\"screen-reader-text\">Konstabler-Gesellschaft &#8211; Kurzdorf<\/span><\/a><\/p>\n","protected":false},"author":3,"featured_media":0,"parent":0,"menu_order":0,"comment_status":"closed","ping_status":"closed","template":"","meta":{"footnotes":""},"class_list":["post-12","page","type-page","status-publish","hentry"],"_links":{"self":[{"href":"https:\/\/konstabler-frauenfeld.ch\/index.php\/wp-json\/wp\/v2\/pages\/12","targetHints":{"allow":["GET"]}}],"collection":[{"href":"https:\/\/konstabler-frauenfeld.ch\/index.php\/wp-json\/wp\/v2\/pages"}],"about":[{"href":"https:\/\/konstabler-frauenfeld.ch\/index.php\/wp-json\/wp\/v2\/types\/page"}],"author":[{"embeddable":true,"href":"https:\/\/konstabler-frauenfeld.ch\/index.php\/wp-json\/wp\/v2\/users\/3"}],"replies":[{"embeddable":true,"href":"https:\/\/konstabler-frauenfeld.ch\/index.php\/wp-json\/wp\/v2\/comments?post=12"}],"version-history":[{"count":23,"href":"https:\/\/konstabler-frauenfeld.ch\/index.php\/wp-json\/wp\/v2\/pages\/12\/revisions"}],"predecessor-version":[{"id":137,"href":"https:\/\/konstabler-frauenfeld.ch\/index.php\/wp-json\/wp\/v2\/pages\/12\/revisions\/137"}],"wp:attachment":[{"href":"https:\/\/konstabler-frauenfeld.ch\/index.php\/wp-json\/wp\/v2\/media?parent=12"}],"curies":[{"name":"wp","href":"https:\/\/api.w.org\/{rel}","templated":true}]}}